{"id":16,"date":"2024-04-01T21:57:04","date_gmt":"2024-04-01T21:57:04","guid":{"rendered":"https:\/\/facturaciondigital.store\/private\/?page_id=16"},"modified":"2024-05-08T13:00:04","modified_gmt":"2024-05-08T13:00:04","slug":"terminos_y_condiciones","status":"publish","type":"page","link":"https:\/\/facturaciondigital.store\/private\/terminos_y_condiciones\/","title":{"rendered":"T\u00e9rminos y condiciones"},"content":{"rendered":"\t\t<div data-elementor-type=\"wp-page\" data-elementor-id=\"16\" class=\"elementor elementor-16\" data-elementor-settings=\"{&quot;ha_cmc_init_switcher&quot;:&quot;no&quot;}\" data-elementor-post-type=\"page\">\n\t\t\t\t\t\t<section class=\"elementor-section elementor-top-section elementor-element elementor-element-06cd50f elementor-section-boxed elementor-section-height-default elementor-section-height-default\" data-id=\"06cd50f\" data-element_type=\"section\" data-e-type=\"section\" data-settings=\"{&quot;_ha_eqh_enable&quot;:false}\">\n\t\t\t\t\t\t<div class=\"elementor-container elementor-column-gap-default\">\n\t\t\t\t\t<div class=\"elementor-column elementor-col-100 elementor-top-column elementor-element elementor-element-38c854d\" data-id=\"38c854d\" data-element_type=\"column\" data-e-type=\"column\">\n\t\t\t<div class=\"elementor-widget-wrap elementor-element-populated\">\n\t\t\t\t\t\t<div class=\"elementor-element elementor-element-09ee9e6 ha-has-bg-overlay elementor-widget elementor-widget-heading\" data-id=\"09ee9e6\" data-element_type=\"widget\" data-e-type=\"widget\" data-widget_type=\"heading.default\">\n\t\t\t\t<div class=\"elementor-widget-container\">\n\t\t\t\t\t<h2 class=\"elementor-heading-title elementor-size-default\">T\u00e9rminos y Condiciones<\/h2>\t\t\t\t<\/div>\n\t\t\t\t<\/div>\n\t\t\t\t\t<\/div>\n\t\t<\/div>\n\t\t\t\t\t<\/div>\n\t\t<\/section>\n\t\t\t\t<section class=\"elementor-section elementor-top-section elementor-element elementor-element-5b4efa55 elementor-section-boxed elementor-section-height-default elementor-section-height-default\" data-id=\"5b4efa55\" data-element_type=\"section\" data-e-type=\"section\" data-settings=\"{&quot;_ha_eqh_enable&quot;:false}\">\n\t\t\t\t\t\t<div class=\"elementor-container elementor-column-gap-default\">\n\t\t\t\t\t<div class=\"elementor-column elementor-col-100 elementor-top-column elementor-element elementor-element-38200c9d\" data-id=\"38200c9d\" data-element_type=\"column\" data-e-type=\"column\">\n\t\t\t<div class=\"elementor-widget-wrap elementor-element-populated\">\n\t\t\t\t\t\t<div class=\"elementor-element elementor-element-ec825dd elementor-widget elementor-widget-text-editor\" data-id=\"ec825dd\" data-element_type=\"widget\" data-e-type=\"widget\" data-widget_type=\"text-editor.default\">\n\t\t\t\t<div class=\"elementor-widget-container\">\n\t\t\t\t\t\t\t\t\t<h3 style=\"text-align: center;\"><strong>Condiciones Generales:<\/strong><\/h3><ul><li><p>Al realizar una compra en Facturaci\u00f3nDigital.store, el comprador acepta autom\u00e1ticamente las pol\u00edticas de devoluci\u00f3n establecidas en este sitio web y condiciones.<\/p><\/li><li><p>Los productos digitales adquiridos en nuestra tienda est\u00e1n destinados \u00fanicamente para uso personal del comprador. Cualquier otro uso est\u00e1 sujeto a los t\u00e9rminos y condiciones de licencia espec\u00edficos del producto. (Ver condiciones y t\u00e9rminos en el website del vendedor)<\/p><\/li><li><p>Facturaci\u00f3nDigital.store no se hace responsable de los problemas t\u00e9cnicos que puedan surgir (durante la operaci\u00f3n de compra digital) sin embargo siempre queda abierta la oportunidad de demostrar el rechazo o aceptaci\u00f3n de la operaci\u00f3n realizada por las plataformas bancarias despu\u00e9s de la compra, como problemas de conectividad del comprador, velocidad de carga en la red del comprador o situaciones que competan a la compatibilidad de los dispositivos que use el comprador.<\/p><\/li><li><p>Los reembolsos est\u00e1n sujetos a revisi\u00f3n y aprobaci\u00f3n por parte de nuestro equipo de atenci\u00f3n al cliente y est\u00e1n limitados a la descarga o no del producto, adem\u00e1s FacturacionDigital de reserva el derecho de rechazar cualquier operaci\u00f3n de compra venta que tenga incongruencias entre los datos del comprador y su instrumento financiero de compra. Nos reservamos el derecho de rechazar cualquier solicitud de reembolso que no cumpla con nuestras pol\u00edticas establecidas en este apartado de condiciones.<\/p><\/li><li><p>La activaci\u00f3n de membres\u00edas y newsletter se hace de manera manual, por lo que el comprador debe esperar que su compra sea procesada de forma manual por nuestro personal. Por razones de seguridad no se pueden hacer operaciones automatizadas de membres\u00edas.\u00a0<\/p><\/li><\/ul><p>.<\/p><hr \/><p>.<\/p><h4><strong>Pagos a Emprendedores &#8211; Facturaci\u00f3nDigital.store<\/strong><\/h4><ul><li><p>Una vez recibido el pago de un cliente, este se contabiliza a favor del emprendedor, para que este sea enviado al mismo debe haber superado 100 USD en ventas efectivas acumuladas.<\/p><\/li><li><p>El Fee de Facturaci\u00f3nDigital.store tiene un costo financiero que llega a 20% e incluye los TAX respectivos sobre el monto del producto solicitado, este monto se carga al cliente o lo asume el vendedor seg\u00fan haga constar en el documento de contrataci\u00f3n.<\/p><\/li><li><p>Los medios de pago de Facturaci\u00f3nDigital.store son: transferencias bancarias en EEUU, pagos por la aplicaci\u00f3n de Wally, Paypal, TDC y TDB, pagos en moneda local seg\u00fan el pa\u00eds y la disponibilidad. En los casos donde los bancos o aplicaciones receptoras, apliquen comisiones de transacci\u00f3n, el emprendedor debe contemplar esto, ya que su pago se ver\u00e1 afectado por comisiones de terceros ajenos a Facturaci\u00f3nDigital.store.<\/p><\/li><li><p>El fee de Facturaci\u00f3nDigital.store, no incluye otros fee de transferencias bancarias com pagos y transferencias a plataformas y bancos de terceros.<\/p><\/li><\/ul><p>.<\/p><hr \/><p>.<\/p><h4><strong>Costos e Inscripci\u00f3n &#8211; Facturaci\u00f3nDigital.store<\/strong><\/h4><p>Para dar de alta un nuevo emprendedor en Facturaci\u00f3nDigital.store, es necesario la solicitud v\u00eda correo electr\u00f3nico o por las redes dispuestas para tal fin en la p\u00e1gina principal, este servicio inicial tiene un costo de 30USD que incluye: Dise\u00f1o de LandingPage y ocho nichos de productos para colocar los datos del emprendedor y los productos\/servicios que este ofrece, junto con el respectivo bot\u00f3n de pago para facilitar la venta. Para esto el emprendedor debe enviarnos su logo e im\u00e1genes referenciales de lo que ofrece. De igual manera puede poner video si proporciona los links a Youtube, siempre y cuando no incluyan datos personales de manera innecesaria.<\/p><p>.<\/p><hr \/><p>.<\/p><h4><strong>Regulaciones &#8211; Facturaci\u00f3nDigital.store<\/strong><\/h4><p>En Facturaci\u00f3nDigital.store permitimos solo aquellos productos y servicios que por su naturaleza, sean legales en EEUU y aceptados dentro de marketplace del pa\u00eds. En cualquier caso, todo producto o servicio debe ser evaluado previo a ponerlo en disponibilidad en la plataforma. Por lo que Facturaci\u00f3nDigital.store se reserva el derecho de negar la publicaci\u00f3n de productos o servicios que puedan entrar en disputa o ser considerados ilegales o cuestionables por autoridades de EEUU.\u00a0<\/p><p>.<\/p><hr \/><p>.<\/p><h4><strong>Pol\u00edtica de Devoluciones &#8211; Facturaci\u00f3nDigital.store<\/strong><\/h4><p>En Facturaci\u00f3nDigital.store, nos esforzamos por brindarle la mejor experiencia de compra en productos digitales. Para garantizar transparencia y claridad en nuestras pol\u00edticas, hemos establecido los siguientes t\u00e9rminos y condiciones para devoluciones:<\/p><p>\u00a0<\/p><p><strong>Devoluciones de Productos Digitales:<\/strong><\/p><ul><li>Los productos digitales adquiridos en Facturaci\u00f3nDigital.store est\u00e1n sujetos a una pol\u00edtica de devoluci\u00f3n de 30 minutos a partir del momento de la compra.<\/li><li>Para solicitar una devoluci\u00f3n, el comprador debe enviar una solicitud dentro del per\u00edodo de 30 minutos a la compra.<\/li><li>Las solicitudes de devoluci\u00f3n despu\u00e9s de las 30 minutos no ser\u00e1n elegibles para un reembolso.<\/li><\/ul><p><strong>C\u00f3mo Solicitar una Devoluci\u00f3n:<\/strong><\/p><ul><li>Para solicitar una devoluci\u00f3n dentro del per\u00edodo de 30 minutos, el comprador debe enviar un correo electr\u00f3nico a nuestro equipo de atenci\u00f3n al cliente a <strong>soporte@facturaciondigital.store<\/strong>, proporcionando detalles de la compra y la raz\u00f3n de la devoluci\u00f3n.<\/li><li>Nuestro equipo de atenci\u00f3n al cliente procesar\u00e1 la solicitud y proporcionar\u00e1 instrucciones adicionales sobre el proceso de devoluci\u00f3n.<\/li><\/ul><p>\u00a0<\/p><p>En Facturaci\u00f3nDigital.store, nos comprometemos a brindar un servicio excepcional y a garantizar su satisfacci\u00f3n con cada compra. Si tiene alguna pregunta o inquietud sobre nuestras pol\u00edticas de devoluci\u00f3n, no dude en ponerse en contacto con nuestro equipo de atenci\u00f3n al cliente.<\/p><p>\u00a0<\/p><p style=\"text-align: center;\"><em><strong>\u00a1Gracias por elegir Facturaci\u00f3nDigital.store para sus necesidades de productos digitales!<\/strong><\/em><\/p>\t\t\t\t\t\t\t\t<\/div>\n\t\t\t\t<\/div>\n\t\t\t\t\t<\/div>\n\t\t<\/div>\n\t\t\t\t\t<\/div>\n\t\t<\/section>\n\t\t\t\t<section class=\"elementor-section elementor-top-section elementor-element elementor-element-5b3e40d elementor-section-boxed elementor-section-height-default elementor-section-height-default\" data-id=\"5b3e40d\" data-element_type=\"section\" data-e-type=\"section\" data-settings=\"{&quot;_ha_eqh_enable&quot;:false}\">\n\t\t\t\t\t\t<div class=\"elementor-container elementor-column-gap-default\">\n\t\t\t\t\t<div class=\"elementor-column elementor-col-100 elementor-top-column elementor-element elementor-element-fc79541\" data-id=\"fc79541\" data-element_type=\"column\" data-e-type=\"column\">\n\t\t\t<div class=\"elementor-widget-wrap elementor-element-populated\">\n\t\t\t\t\t\t<div class=\"elementor-element elementor-element-5b68b5f elementor-widget-divider--view-line elementor-widget elementor-widget-divider\" data-id=\"5b68b5f\" data-element_type=\"widget\" data-e-type=\"widget\" data-widget_type=\"divider.default\">\n\t\t\t\t<div class=\"elementor-widget-container\">\n\t\t\t\t\t\t\t<div class=\"elementor-divider\">\n\t\t\t<span class=\"elementor-divider-separator\">\n\t\t\t\t\t\t<\/span>\n\t\t<\/div>\n\t\t\t\t\t\t<\/div>\n\t\t\t\t<\/div>\n\t\t\t\t<div class=\"elementor-element elementor-element-182c0d7 elementor-align-right elementor-widget elementor-widget-button\" data-id=\"182c0d7\" data-element_type=\"widget\" data-e-type=\"widget\" data-widget_type=\"button.default\">\n\t\t\t\t<div class=\"elementor-widget-container\">\n\t\t\t\t\t\t\t\t\t<div class=\"elementor-button-wrapper\">\n\t\t\t\t\t<a class=\"elementor-button elementor-button-link elementor-size-sm\" href=\"https:\/\/facturaciondigital.store\/\">\n\t\t\t\t\t\t<span class=\"elementor-button-content-wrapper\">\n\t\t\t\t\t\t\t\t\t<span class=\"elementor-button-text\">Regresar al home<\/span>\n\t\t\t\t\t<\/span>\n\t\t\t\t\t<\/a>\n\t\t\t\t<\/div>\n\t\t\t\t\t\t\t\t<\/div>\n\t\t\t\t<\/div>\n\t\t\t\t\t<\/div>\n\t\t<\/div>\n\t\t\t\t\t<\/div>\n\t\t<\/section>\n\t\t\t\t<\/div>\n\t\t","protected":false},"excerpt":{"rendered":"<p>T\u00e9rminos y Condiciones Condiciones Generales: Al realizar una compra en Facturaci\u00f3nDigital.store, el comprador acepta autom\u00e1ticamente las pol\u00edticas de devoluci\u00f3n establecidas en este sitio web y condiciones. Los productos digitales adquiridos en nuestra tienda est\u00e1n destinados \u00fanicamente para uso personal del comprador. Cualquier otro uso est\u00e1 sujeto a los t\u00e9rminos y condiciones de licencia espec\u00edficos del [&hellip;]<\/p>\n","protected":false},"author":1,"featured_media":0,"parent":0,"menu_order":0,"comment_status":"closed","ping_status":"closed","template":"","meta":{"footnotes":""},"class_list":["post-16","page","type-page","status-publish","hentry"],"_links":{"self":[{"href":"https:\/\/facturaciondigital.store\/private\/wp-json\/wp\/v2\/pages\/16","targetHints":{"allow":["GET"]}}],"collection":[{"href":"https:\/\/facturaciondigital.store\/private\/wp-json\/wp\/v2\/pages"}],"about":[{"href":"https:\/\/facturaciondigital.store\/private\/wp-json\/wp\/v2\/types\/page"}],"author":[{"embeddable":true,"href":"https:\/\/facturaciondigital.store\/private\/wp-json\/wp\/v2\/users\/1"}],"replies":[{"embeddable":true,"href":"https:\/\/facturaciondigital.store\/private\/wp-json\/wp\/v2\/comments?post=16"}],"version-history":[{"count":15,"href":"https:\/\/facturaciondigital.store\/private\/wp-json\/wp\/v2\/pages\/16\/revisions"}],"predecessor-version":[{"id":297,"href":"https:\/\/facturaciondigital.store\/private\/wp-json\/wp\/v2\/pages\/16\/revisions\/297"}],"wp:attachment":[{"href":"https:\/\/facturaciondigital.store\/private\/wp-json\/wp\/v2\/media?parent=16"}],"curies":[{"name":"wp","href":"https:\/\/api.w.org\/{rel}","templated":true}]}}