{"id":170,"date":"2024-04-12T16:27:53","date_gmt":"2024-04-12T16:27:53","guid":{"rendered":"https:\/\/facturaciondigital.store\/private\/?page_id=170"},"modified":"2024-04-12T17:12:45","modified_gmt":"2024-04-12T17:12:45","slug":"perfil-demo","status":"publish","type":"page","link":"https:\/\/facturaciondigital.store\/private\/perfil-demo\/","title":{"rendered":"Perfil DEMO"},"content":{"rendered":"\t\t<div data-elementor-type=\"wp-page\" data-elementor-id=\"170\" class=\"elementor elementor-170\" data-elementor-settings=\"{&quot;ha_cmc_init_switcher&quot;:&quot;no&quot;}\" data-elementor-post-type=\"page\">\n\t\t\t\t\t\t<section class=\"elementor-section elementor-top-section elementor-element elementor-element-068570b elementor-section-boxed elementor-section-height-default elementor-section-height-default\" data-id=\"068570b\" data-element_type=\"section\" data-e-type=\"section\" data-settings=\"{&quot;_ha_eqh_enable&quot;:false}\">\n\t\t\t\t\t\t<div class=\"elementor-container elementor-column-gap-default\">\n\t\t\t\t\t<div class=\"elementor-column elementor-col-100 elementor-top-column elementor-element elementor-element-19769ab\" data-id=\"19769ab\" data-element_type=\"column\" data-e-type=\"column\">\n\t\t\t<div class=\"elementor-widget-wrap elementor-element-populated\">\n\t\t\t\t\t\t<div class=\"elementor-element elementor-element-36f3e61 ha-has-bg-overlay elementor-widget elementor-widget-heading\" data-id=\"36f3e61\" data-element_type=\"widget\" data-e-type=\"widget\" data-widget_type=\"heading.default\">\n\t\t\t\t<div class=\"elementor-widget-container\">\n\t\t\t\t\t<h2 class=\"elementor-heading-title elementor-size-default\">PERFIL DE DEMOSTRACI\u00d3N<\/h2>\t\t\t\t<\/div>\n\t\t\t\t<\/div>\n\t\t\t\t\t<\/div>\n\t\t<\/div>\n\t\t\t\t\t<\/div>\n\t\t<\/section>\n\t\t\t\t<section class=\"elementor-section elementor-top-section elementor-element elementor-element-164c99e elementor-section-boxed elementor-section-height-default elementor-section-height-default\" data-id=\"164c99e\" data-element_type=\"section\" data-e-type=\"section\" data-settings=\"{&quot;background_background&quot;:&quot;classic&quot;,&quot;_ha_eqh_enable&quot;:false}\">\n\t\t\t\t\t\t<div class=\"elementor-container elementor-column-gap-default\">\n\t\t\t\t\t<div class=\"elementor-column elementor-col-50 elementor-top-column elementor-element elementor-element-c429027\" data-id=\"c429027\" data-element_type=\"column\" data-e-type=\"column\">\n\t\t\t<div class=\"elementor-widget-wrap elementor-element-populated\">\n\t\t\t\t\t\t<div class=\"elementor-element elementor-element-92ec5f2 elementor-widget elementor-widget-image\" data-id=\"92ec5f2\" data-element_type=\"widget\" data-e-type=\"widget\" data-widget_type=\"image.default\">\n\t\t\t\t<div class=\"elementor-widget-container\">\n\t\t\t\t\t\t\t\t\t\t\t\t\t\t\t<img fetchpriority=\"high\" decoding=\"async\" width=\"768\" height=\"768\" src=\"https:\/\/facturaciondigital.store\/private\/wp-content\/uploads\/2024\/04\/allison002-768x768.jpg\" class=\"attachment-medium_large size-medium_large wp-image-173\" alt=\"\" srcset=\"https:\/\/facturaciondigital.store\/private\/wp-content\/uploads\/2024\/04\/allison002-768x768.jpg 768w, https:\/\/facturaciondigital.store\/private\/wp-content\/uploads\/2024\/04\/allison002-300x300.jpg 300w, https:\/\/facturaciondigital.store\/private\/wp-content\/uploads\/2024\/04\/allison002-1024x1024.jpg 1024w, https:\/\/facturaciondigital.store\/private\/wp-content\/uploads\/2024\/04\/allison002-150x150.jpg 150w, https:\/\/facturaciondigital.store\/private\/wp-content\/uploads\/2024\/04\/allison002-600x600.jpg 600w, https:\/\/facturaciondigital.store\/private\/wp-content\/uploads\/2024\/04\/allison002-100x100.jpg 100w, https:\/\/facturaciondigital.store\/private\/wp-content\/uploads\/2024\/04\/allison002.jpg 1467w\" sizes=\"(max-width: 768px) 100vw, 768px\" \/>\t\t\t\t\t\t\t\t\t\t\t\t\t\t\t<\/div>\n\t\t\t\t<\/div>\n\t\t\t\t\t<\/div>\n\t\t<\/div>\n\t\t\t\t<div class=\"elementor-column elementor-col-50 elementor-top-column elementor-element elementor-element-0fdc705\" data-id=\"0fdc705\" data-element_type=\"column\" data-e-type=\"column\">\n\t\t\t<div class=\"elementor-widget-wrap elementor-element-populated\">\n\t\t\t\t\t\t<div class=\"elementor-element elementor-element-6554384 elementor-widget elementor-widget-text-editor\" data-id=\"6554384\" data-element_type=\"widget\" data-e-type=\"widget\" data-widget_type=\"text-editor.default\">\n\t\t\t\t<div class=\"elementor-widget-container\">\n\t\t\t\t\t\t\t\t\t<p>Los mejores cursos presenciales y en l\u00ednea.<\/p>\n<p>Terapias alternativas para tu crecimiento espiritual<\/p>\n<p>Capacitaciones internacionales<br><\/p>\t\t\t\t\t\t\t\t<\/div>\n\t\t\t\t<\/div>\n\t\t\t\t\t<\/div>\n\t\t<\/div>\n\t\t\t\t\t<\/div>\n\t\t<\/section>\n\t\t\t\t<section class=\"elementor-section elementor-top-section elementor-element elementor-element-ec5c49f elementor-section-boxed elementor-section-height-default elementor-section-height-default\" data-id=\"ec5c49f\" data-element_type=\"section\" data-e-type=\"section\" data-settings=\"{&quot;_ha_eqh_enable&quot;:false}\">\n\t\t\t\t\t\t<div class=\"elementor-container elementor-column-gap-default\">\n\t\t\t\t\t<div class=\"elementor-column elementor-col-100 elementor-top-column elementor-element elementor-element-3d67f45\" data-id=\"3d67f45\" data-element_type=\"column\" data-e-type=\"column\">\n\t\t\t<div class=\"elementor-widget-wrap elementor-element-populated\">\n\t\t\t\t\t\t<div class=\"elementor-element elementor-element-0b248e8 elementor-widget elementor-widget-heading\" data-id=\"0b248e8\" data-element_type=\"widget\" data-e-type=\"widget\" data-widget_type=\"heading.default\">\n\t\t\t\t<div class=\"elementor-widget-container\">\n\t\t\t\t\t<h5 class=\"elementor-heading-title elementor-size-default\">Capacitaciones disponibles<\/h5>\t\t\t\t<\/div>\n\t\t\t\t<\/div>\n\t\t\t\t\t<\/div>\n\t\t<\/div>\n\t\t\t\t\t<\/div>\n\t\t<\/section>\n\t\t\t\t<section class=\"elementor-section elementor-top-section elementor-element elementor-element-142eea8 elementor-section-boxed elementor-section-height-default elementor-section-height-default\" data-id=\"142eea8\" data-element_type=\"section\" data-e-type=\"section\" data-settings=\"{&quot;background_background&quot;:&quot;classic&quot;,&quot;_ha_eqh_enable&quot;:false}\">\n\t\t\t\t\t\t<div class=\"elementor-container elementor-column-gap-default\">\n\t\t\t\t\t<div class=\"elementor-column elementor-col-25 elementor-top-column elementor-element elementor-element-d0fb4da\" data-id=\"d0fb4da\" data-element_type=\"column\" data-e-type=\"column\">\n\t\t\t<div class=\"elementor-widget-wrap elementor-element-populated\">\n\t\t\t\t\t\t<div class=\"elementor-element elementor-element-8f09335 elementor-widget elementor-widget-image\" data-id=\"8f09335\" data-element_type=\"widget\" data-e-type=\"widget\" data-widget_type=\"image.default\">\n\t\t\t\t<div class=\"elementor-widget-container\">\n\t\t\t\t\t\t\t\t\t\t\t\t\t\t\t<img decoding=\"async\" width=\"768\" height=\"1320\" src=\"https:\/\/facturaciondigital.store\/private\/wp-content\/uploads\/2024\/04\/prod-demo1-copia-768x1320.jpg\" class=\"attachment-medium_large size-medium_large wp-image-178\" alt=\"\" srcset=\"https:\/\/facturaciondigital.store\/private\/wp-content\/uploads\/2024\/04\/prod-demo1-copia-768x1320.jpg 768w, https:\/\/facturaciondigital.store\/private\/wp-content\/uploads\/2024\/04\/prod-demo1-copia-175x300.jpg 175w, https:\/\/facturaciondigital.store\/private\/wp-content\/uploads\/2024\/04\/prod-demo1-copia-596x1024.jpg 596w, https:\/\/facturaciondigital.store\/private\/wp-content\/uploads\/2024\/04\/prod-demo1-copia-600x1031.jpg 600w, https:\/\/facturaciondigital.store\/private\/wp-content\/uploads\/2024\/04\/prod-demo1-copia.jpg 800w\" sizes=\"(max-width: 768px) 100vw, 768px\" \/>\t\t\t\t\t\t\t\t\t\t\t\t\t\t\t<\/div>\n\t\t\t\t<\/div>\n\t\t\t\t\t<\/div>\n\t\t<\/div>\n\t\t\t\t<div class=\"elementor-column elementor-col-25 elementor-top-column elementor-element elementor-element-bb8eb4a\" data-id=\"bb8eb4a\" data-element_type=\"column\" data-e-type=\"column\">\n\t\t\t<div class=\"elementor-widget-wrap elementor-element-populated\">\n\t\t\t\t\t\t<div class=\"elementor-element elementor-element-9d52f13 elementor-widget elementor-widget-image\" data-id=\"9d52f13\" data-element_type=\"widget\" data-e-type=\"widget\" data-widget_type=\"image.default\">\n\t\t\t\t<div class=\"elementor-widget-container\">\n\t\t\t\t\t\t\t\t\t\t\t\t\t\t\t<img decoding=\"async\" width=\"768\" height=\"1320\" src=\"https:\/\/facturaciondigital.store\/private\/wp-content\/uploads\/2024\/04\/prod-demo2-768x1320.jpg\" class=\"attachment-medium_large size-medium_large wp-image-179\" alt=\"\" srcset=\"https:\/\/facturaciondigital.store\/private\/wp-content\/uploads\/2024\/04\/prod-demo2-768x1320.jpg 768w, https:\/\/facturaciondigital.store\/private\/wp-content\/uploads\/2024\/04\/prod-demo2-175x300.jpg 175w, https:\/\/facturaciondigital.store\/private\/wp-content\/uploads\/2024\/04\/prod-demo2-596x1024.jpg 596w, https:\/\/facturaciondigital.store\/private\/wp-content\/uploads\/2024\/04\/prod-demo2-600x1031.jpg 600w, https:\/\/facturaciondigital.store\/private\/wp-content\/uploads\/2024\/04\/prod-demo2.jpg 800w\" sizes=\"(max-width: 768px) 100vw, 768px\" \/>\t\t\t\t\t\t\t\t\t\t\t\t\t\t\t<\/div>\n\t\t\t\t<\/div>\n\t\t\t\t\t<\/div>\n\t\t<\/div>\n\t\t\t\t<div class=\"elementor-column elementor-col-25 elementor-top-column elementor-element elementor-element-8087b60\" data-id=\"8087b60\" data-element_type=\"column\" data-e-type=\"column\">\n\t\t\t<div class=\"elementor-widget-wrap elementor-element-populated\">\n\t\t\t\t\t\t<div class=\"elementor-element elementor-element-0ef3b49 elementor-widget elementor-widget-image\" data-id=\"0ef3b49\" data-element_type=\"widget\" data-e-type=\"widget\" data-widget_type=\"image.default\">\n\t\t\t\t<div class=\"elementor-widget-container\">\n\t\t\t\t\t\t\t\t\t\t\t\t\t\t\t<img loading=\"lazy\" decoding=\"async\" width=\"768\" height=\"1320\" src=\"https:\/\/facturaciondigital.store\/private\/wp-content\/uploads\/2024\/04\/prod-demo3-768x1320.jpg\" class=\"attachment-medium_large size-medium_large wp-image-180\" alt=\"\" srcset=\"https:\/\/facturaciondigital.store\/private\/wp-content\/uploads\/2024\/04\/prod-demo3-768x1320.jpg 768w, https:\/\/facturaciondigital.store\/private\/wp-content\/uploads\/2024\/04\/prod-demo3-175x300.jpg 175w, https:\/\/facturaciondigital.store\/private\/wp-content\/uploads\/2024\/04\/prod-demo3-596x1024.jpg 596w, https:\/\/facturaciondigital.store\/private\/wp-content\/uploads\/2024\/04\/prod-demo3-600x1031.jpg 600w, https:\/\/facturaciondigital.store\/private\/wp-content\/uploads\/2024\/04\/prod-demo3.jpg 800w\" sizes=\"(max-width: 768px) 100vw, 768px\" \/>\t\t\t\t\t\t\t\t\t\t\t\t\t\t\t<\/div>\n\t\t\t\t<\/div>\n\t\t\t\t\t<\/div>\n\t\t<\/div>\n\t\t\t\t<div class=\"elementor-column elementor-col-25 elementor-top-column elementor-element elementor-element-9481695\" data-id=\"9481695\" data-element_type=\"column\" data-e-type=\"column\">\n\t\t\t<div class=\"elementor-widget-wrap elementor-element-populated\">\n\t\t\t\t\t\t<div class=\"elementor-element elementor-element-a0b0847 elementor-widget elementor-widget-image\" data-id=\"a0b0847\" data-element_type=\"widget\" data-e-type=\"widget\" data-widget_type=\"image.default\">\n\t\t\t\t<div class=\"elementor-widget-container\">\n\t\t\t\t\t\t\t\t\t\t\t\t\t\t\t<img loading=\"lazy\" decoding=\"async\" width=\"768\" height=\"1320\" src=\"https:\/\/facturaciondigital.store\/private\/wp-content\/uploads\/2024\/04\/prod-demo4-768x1320.jpg\" class=\"attachment-medium_large size-medium_large wp-image-181\" alt=\"\" srcset=\"https:\/\/facturaciondigital.store\/private\/wp-content\/uploads\/2024\/04\/prod-demo4-768x1320.jpg 768w, https:\/\/facturaciondigital.store\/private\/wp-content\/uploads\/2024\/04\/prod-demo4-175x300.jpg 175w, https:\/\/facturaciondigital.store\/private\/wp-content\/uploads\/2024\/04\/prod-demo4-596x1024.jpg 596w, https:\/\/facturaciondigital.store\/private\/wp-content\/uploads\/2024\/04\/prod-demo4-600x1031.jpg 600w, https:\/\/facturaciondigital.store\/private\/wp-content\/uploads\/2024\/04\/prod-demo4.jpg 800w\" sizes=\"(max-width: 768px) 100vw, 768px\" \/>\t\t\t\t\t\t\t\t\t\t\t\t\t\t\t<\/div>\n\t\t\t\t<\/div>\n\t\t\t\t\t<\/div>\n\t\t<\/div>\n\t\t\t\t\t<\/div>\n\t\t<\/section>\n\t\t\t\t<section class=\"elementor-section elementor-top-section elementor-element elementor-element-7736076 elementor-section-boxed elementor-section-height-default elementor-section-height-default\" data-id=\"7736076\" data-element_type=\"section\" data-e-type=\"section\" data-settings=\"{&quot;_ha_eqh_enable&quot;:false}\">\n\t\t\t\t\t\t<div class=\"elementor-container elementor-column-gap-default\">\n\t\t\t\t\t<div class=\"elementor-column elementor-col-100 elementor-top-column elementor-element elementor-element-9e6fc2b\" data-id=\"9e6fc2b\" data-element_type=\"column\" data-e-type=\"column\">\n\t\t\t<div class=\"elementor-widget-wrap elementor-element-populated\">\n\t\t\t\t\t\t<div class=\"elementor-element elementor-element-28bad43 elementor-widget elementor-widget-text-editor\" data-id=\"28bad43\" data-element_type=\"widget\" data-e-type=\"widget\" data-widget_type=\"text-editor.default\">\n\t\t\t\t<div class=\"elementor-widget-container\">\n\t\t\t\t\t\t\t\t\t<p><strong>IMPORTANTE:<\/strong> Luego de realizar la compra, recibir\u00e1s por correo las instrucciones para ingresar al sitio web de Allison Ventura, para ver y realizar la capacitaci\u00f3n, en caso de ser por Whatsapp, te enviaremos las instrucciones para agregarte a los grupos con las capacitaciones correspondientes.<\/p><p><strong>Horario de atenci\u00f3n:<\/strong> 8am a 6pm de lunes a s\u00e1bado.<\/p>\t\t\t\t\t\t\t\t<\/div>\n\t\t\t\t<\/div>\n\t\t\t\t<div class=\"elementor-element elementor-element-e938727 elementor-widget-divider--view-line elementor-widget elementor-widget-divider\" data-id=\"e938727\" data-element_type=\"widget\" data-e-type=\"widget\" data-widget_type=\"divider.default\">\n\t\t\t\t<div class=\"elementor-widget-container\">\n\t\t\t\t\t\t\t<div class=\"elementor-divider\">\n\t\t\t<span class=\"elementor-divider-separator\">\n\t\t\t\t\t\t<\/span>\n\t\t<\/div>\n\t\t\t\t\t\t<\/div>\n\t\t\t\t<\/div>\n\t\t\t\t<div class=\"elementor-element elementor-element-5db446b elementor-widget elementor-widget-text-editor\" data-id=\"5db446b\" data-element_type=\"widget\" data-e-type=\"widget\" data-widget_type=\"text-editor.default\">\n\t\t\t\t<div class=\"elementor-widget-container\">\n\t\t\t\t\t\t\t\t\t<p><b>Descargo de responsabilidad: <\/b>Facturaci\u00f3nDigital.store es una pasarela de pago y cat\u00e1logo publicitario, por lo que no interviene en la entrega de productos f\u00edsicos o digitales de los clientes que se anuncian en el portal. Para cualquier duda, reclamo o consulta, por favor escribe a nuestro correo de contacto <strong><a href=\"mailto:soporte@facturaciondigital.store\" target=\"_blank\" rel=\"noopener\">soporte@facturaciondigital.store<\/a><\/strong><\/p>\t\t\t\t\t\t\t\t<\/div>\n\t\t\t\t<\/div>\n\t\t\t\t\t<\/div>\n\t\t<\/div>\n\t\t\t\t\t<\/div>\n\t\t<\/section>\n\t\t\t\t<\/div>\n\t\t","protected":false},"excerpt":{"rendered":"<p>PERFIL DE DEMOSTRACI\u00d3N Los mejores cursos presenciales y en l\u00ednea. Terapias alternativas para tu crecimiento espiritual Capacitaciones internacionales Capacitaciones disponibles IMPORTANTE: Luego de realizar la compra, recibir\u00e1s por correo las instrucciones para ingresar al sitio web de Allison Ventura, para ver y realizar la capacitaci\u00f3n, en caso de ser por Whatsapp, te enviaremos las instrucciones [&hellip;]<\/p>\n","protected":false},"author":1,"featured_media":0,"parent":0,"menu_order":0,"comment_status":"closed","ping_status":"closed","template":"","meta":{"footnotes":""},"class_list":["post-170","page","type-page","status-publish","hentry"],"_links":{"self":[{"href":"https:\/\/facturaciondigital.store\/private\/wp-json\/wp\/v2\/pages\/170","targetHints":{"allow":["GET"]}}],"collection":[{"href":"https:\/\/facturaciondigital.store\/private\/wp-json\/wp\/v2\/pages"}],"about":[{"href":"https:\/\/facturaciondigital.store\/private\/wp-json\/wp\/v2\/types\/page"}],"author":[{"embeddable":true,"href":"https:\/\/facturaciondigital.store\/private\/wp-json\/wp\/v2\/users\/1"}],"replies":[{"embeddable":true,"href":"https:\/\/facturaciondigital.store\/private\/wp-json\/wp\/v2\/comments?post=170"}],"version-history":[{"count":16,"href":"https:\/\/facturaciondigital.store\/private\/wp-json\/wp\/v2\/pages\/170\/revisions"}],"predecessor-version":[{"id":193,"href":"https:\/\/facturaciondigital.store\/private\/wp-json\/wp\/v2\/pages\/170\/revisions\/193"}],"wp:attachment":[{"href":"https:\/\/facturaciondigital.store\/private\/wp-json\/wp\/v2\/media?parent=170"}],"curies":[{"name":"wp","href":"https:\/\/api.w.org\/{rel}","templated":true}]}}