{"id":204,"date":"2024-04-20T17:37:24","date_gmt":"2024-04-20T17:37:24","guid":{"rendered":"https:\/\/facturaciondigital.store\/private\/?page_id=204"},"modified":"2024-05-02T20:54:50","modified_gmt":"2024-05-02T20:54:50","slug":"home2","status":"publish","type":"page","link":"https:\/\/facturaciondigital.store\/private\/","title":{"rendered":"Home2"},"content":{"rendered":"\t\t<div data-elementor-type=\"wp-page\" data-elementor-id=\"204\" class=\"elementor elementor-204\" data-elementor-settings=\"{&quot;ha_cmc_init_switcher&quot;:&quot;no&quot;}\" data-elementor-post-type=\"page\">\n\t\t\t\t\t\t<section class=\"elementor-section elementor-top-section elementor-element elementor-element-f7091b7 elementor-section-boxed elementor-section-height-default elementor-section-height-default\" data-id=\"f7091b7\" data-element_type=\"section\" data-e-type=\"section\" data-settings=\"{&quot;_ha_eqh_enable&quot;:false}\">\n\t\t\t\t\t\t<div class=\"elementor-container elementor-column-gap-default\">\n\t\t\t\t\t<div class=\"elementor-column elementor-col-100 elementor-top-column elementor-element elementor-element-d3b016e\" data-id=\"d3b016e\" data-element_type=\"column\" data-e-type=\"column\">\n\t\t\t<div class=\"elementor-widget-wrap elementor-element-populated\">\n\t\t\t\t\t\t<div class=\"elementor-element elementor-element-b63a78a elementor-arrows-position-inside elementor-pagination-position-outside elementor-widget elementor-widget-image-carousel\" data-id=\"b63a78a\" data-element_type=\"widget\" data-e-type=\"widget\" data-settings=\"{&quot;slides_to_show&quot;:&quot;1&quot;,&quot;autoplay_speed&quot;:2000,&quot;navigation&quot;:&quot;both&quot;,&quot;autoplay&quot;:&quot;yes&quot;,&quot;infinite&quot;:&quot;yes&quot;,&quot;effect&quot;:&quot;slide&quot;,&quot;speed&quot;:500}\" data-widget_type=\"image-carousel.default\">\n\t\t\t\t<div class=\"elementor-widget-container\">\n\t\t\t\t\t\t\t<div class=\"elementor-image-carousel-wrapper swiper\" role=\"region\" aria-roledescription=\"carousel\" aria-label=\"Carrusel de im\u00e1genes\" dir=\"ltr\">\n\t\t\t<div class=\"elementor-image-carousel swiper-wrapper\" aria-live=\"off\">\n\t\t\t\t\t\t\t\t<div class=\"swiper-slide\" role=\"group\" aria-roledescription=\"slide\" aria-label=\"1 de 4\"><figure class=\"swiper-slide-inner\"><img decoding=\"async\" class=\"swiper-slide-image\" src=\"https:\/\/facturaciondigital.store\/private\/wp-content\/uploads\/2024\/05\/b2.jpg\" alt=\"b2\" \/><\/figure><\/div><div class=\"swiper-slide\" role=\"group\" aria-roledescription=\"slide\" aria-label=\"2 de 4\"><figure class=\"swiper-slide-inner\"><img decoding=\"async\" class=\"swiper-slide-image\" src=\"https:\/\/facturaciondigital.store\/private\/wp-content\/uploads\/2024\/05\/b3.jpg\" alt=\"b3\" \/><\/figure><\/div><div class=\"swiper-slide\" role=\"group\" aria-roledescription=\"slide\" aria-label=\"3 de 4\"><figure class=\"swiper-slide-inner\"><img decoding=\"async\" class=\"swiper-slide-image\" src=\"https:\/\/facturaciondigital.store\/private\/wp-content\/uploads\/2024\/05\/b4.jpg\" alt=\"b4\" \/><\/figure><\/div><div class=\"swiper-slide\" role=\"group\" aria-roledescription=\"slide\" aria-label=\"4 de 4\"><figure class=\"swiper-slide-inner\"><img decoding=\"async\" class=\"swiper-slide-image\" src=\"https:\/\/facturaciondigital.store\/private\/wp-content\/uploads\/2024\/05\/b1.jpg\" alt=\"b1\" \/><\/figure><\/div>\t\t\t<\/div>\n\t\t\t\t\t\t\t\t\t\t\t\t<div class=\"elementor-swiper-button elementor-swiper-button-prev\" role=\"button\" tabindex=\"0\">\n\t\t\t\t\t\t<i aria-hidden=\"true\" class=\"eicon-chevron-left\"><\/i>\t\t\t\t\t<\/div>\n\t\t\t\t\t<div class=\"elementor-swiper-button elementor-swiper-button-next\" role=\"button\" tabindex=\"0\">\n\t\t\t\t\t\t<i aria-hidden=\"true\" class=\"eicon-chevron-right\"><\/i>\t\t\t\t\t<\/div>\n\t\t\t\t\n\t\t\t\t\t\t\t\t\t<div class=\"swiper-pagination\"><\/div>\n\t\t\t\t\t\t\t\t\t<\/div>\n\t\t\t\t\t\t<\/div>\n\t\t\t\t<\/div>\n\t\t\t\t\t<\/div>\n\t\t<\/div>\n\t\t\t\t\t<\/div>\n\t\t<\/section>\n\t\t\t\t<section class=\"elementor-section elementor-top-section elementor-element elementor-element-214fb30 elementor-section-boxed elementor-section-height-default elementor-section-height-default\" data-id=\"214fb30\" data-element_type=\"section\" data-e-type=\"section\" data-settings=\"{&quot;_ha_eqh_enable&quot;:false}\">\n\t\t\t\t\t\t<div class=\"elementor-container elementor-column-gap-default\">\n\t\t\t\t\t<div class=\"elementor-column elementor-col-100 elementor-top-column elementor-element elementor-element-5ebe6d3\" data-id=\"5ebe6d3\" data-element_type=\"column\" data-e-type=\"column\">\n\t\t\t<div class=\"elementor-widget-wrap elementor-element-populated\">\n\t\t\t\t\t\t<div class=\"elementor-element elementor-element-d1e9504 elementor-widget elementor-widget-video\" data-id=\"d1e9504\" data-element_type=\"widget\" data-e-type=\"widget\" data-settings=\"{&quot;youtube_url&quot;:&quot;https:\\\/\\\/www.youtube.com\\\/watch?v=ZAZRVBmPaeY&quot;,&quot;loop&quot;:&quot;yes&quot;,&quot;video_type&quot;:&quot;youtube&quot;,&quot;controls&quot;:&quot;yes&quot;}\" data-widget_type=\"video.default\">\n\t\t\t\t<div class=\"elementor-widget-container\">\n\t\t\t\t\t\t\t<div class=\"elementor-wrapper elementor-open-inline\">\n\t\t\t<div class=\"elementor-video\"><\/div>\t\t<\/div>\n\t\t\t\t\t\t<\/div>\n\t\t\t\t<\/div>\n\t\t\t\t<div class=\"elementor-element elementor-element-628a7e5 ha-has-bg-overlay elementor-widget elementor-widget-heading\" data-id=\"628a7e5\" data-element_type=\"widget\" data-e-type=\"widget\" data-widget_type=\"heading.default\">\n\t\t\t\t<div class=\"elementor-widget-container\">\n\t\t\t\t\t<h4 class=\"elementor-heading-title elementor-size-default\">C\u00f3mo funciona Facturaci\u00f3n Digital<\/h4>\t\t\t\t<\/div>\n\t\t\t\t<\/div>\n\t\t\t\t<div class=\"elementor-element elementor-element-accc460 elementor-widget elementor-widget-image\" data-id=\"accc460\" data-element_type=\"widget\" data-e-type=\"widget\" data-widget_type=\"image.default\">\n\t\t\t\t<div class=\"elementor-widget-container\">\n\t\t\t\t\t\t\t\t\t\t\t\t\t\t\t\t<a href=\"https:\/\/facturaciondigital.store\/private\/wp-content\/uploads\/2024\/05\/tutorial1-2.jpg\" data-elementor-open-lightbox=\"yes\" data-elementor-lightbox-title=\"tutorial1-2\" data-e-action-hash=\"#elementor-action%3Aaction%3Dlightbox%26settings%3DeyJpZCI6MjU0LCJ1cmwiOiJodHRwczpcL1wvZmFjdHVyYWNpb25kaWdpdGFsLnN0b3JlXC9wcml2YXRlXC93cC1jb250ZW50XC91cGxvYWRzXC8yMDI0XC8wNVwvdHV0b3JpYWwxLTIuanBnIn0%3D\">\n\t\t\t\t\t\t\t<img fetchpriority=\"high\" decoding=\"async\" width=\"800\" height=\"934\" src=\"https:\/\/facturaciondigital.store\/private\/wp-content\/uploads\/2024\/05\/tutorial1-2-877x1024.jpg\" class=\"attachment-large size-large wp-image-254\" alt=\"\" srcset=\"https:\/\/facturaciondigital.store\/private\/wp-content\/uploads\/2024\/05\/tutorial1-2-877x1024.jpg 877w, https:\/\/facturaciondigital.store\/private\/wp-content\/uploads\/2024\/05\/tutorial1-2-257x300.jpg 257w, https:\/\/facturaciondigital.store\/private\/wp-content\/uploads\/2024\/05\/tutorial1-2-768x896.jpg 768w, https:\/\/facturaciondigital.store\/private\/wp-content\/uploads\/2024\/05\/tutorial1-2-600x700.jpg 600w, https:\/\/facturaciondigital.store\/private\/wp-content\/uploads\/2024\/05\/tutorial1-2.jpg 1130w\" sizes=\"(max-width: 800px) 100vw, 800px\" \/>\t\t\t\t\t\t\t\t<\/a>\n\t\t\t\t\t\t\t\t\t\t\t\t\t\t\t<\/div>\n\t\t\t\t<\/div>\n\t\t\t\t\t<\/div>\n\t\t<\/div>\n\t\t\t\t\t<\/div>\n\t\t<\/section>\n\t\t\t\t<section class=\"elementor-section elementor-top-section elementor-element elementor-element-bccb997 elementor-section-boxed elementor-section-height-default elementor-section-height-default\" data-id=\"bccb997\" data-element_type=\"section\" data-e-type=\"section\" data-settings=\"{&quot;_ha_eqh_enable&quot;:false}\">\n\t\t\t\t\t\t<div class=\"elementor-container elementor-column-gap-default\">\n\t\t\t\t\t<div class=\"elementor-column elementor-col-100 elementor-top-column elementor-element elementor-element-5fa501e\" data-id=\"5fa501e\" data-element_type=\"column\" data-e-type=\"column\">\n\t\t\t<div class=\"elementor-widget-wrap elementor-element-populated\">\n\t\t\t\t\t\t<div class=\"elementor-element elementor-element-c21f80b ha-has-bg-overlay elementor-widget elementor-widget-heading\" data-id=\"c21f80b\" data-element_type=\"widget\" data-e-type=\"widget\" data-widget_type=\"heading.default\">\n\t\t\t\t<div class=\"elementor-widget-container\">\n\t\t\t\t\t<h4 class=\"elementor-heading-title elementor-size-default\">C\u00f3mo funciona el punto de venta de FacturadionDigital.store<\/h4>\t\t\t\t<\/div>\n\t\t\t\t<\/div>\n\t\t\t\t<div class=\"elementor-element elementor-element-015fd56 ha-has-bg-overlay elementor-widget elementor-widget-text-editor\" data-id=\"015fd56\" data-element_type=\"widget\" data-e-type=\"widget\" data-widget_type=\"text-editor.default\">\n\t\t\t\t<div class=\"elementor-widget-container\">\n\t\t\t\t\t\t\t\t\t<ul><li>Creamos una p\u00e1gina personalizada para los productos del contratante (*)<\/li><li>El proceso de creaci\u00f3n de este espacio para tus ventas, lo gestionamos nosotros, por lo que es fundamental que nos env\u00edes todo el material requerido para crear tu perfil (im\u00e1genes, textos, descripci\u00f3n, videos, material descargable), recomendamos el uso de Google Drive o WeTransfer para enviar todo el material sin importar el espacio que ocupe.<\/li><li>El Fee de FacturacionDigital.store incluye el impuesto (TAX) de Florida en EEUU y tr\u00e1mites bancarios<\/li><li>El proceso de pago es inmediato. Esto es aplicable luego de superar los 100 USD en ventas acumuladas.<\/li><li><b>Teniendo tu p\u00e1gina de ventas lista, ya puedes iniciar a vender.<\/b><\/li><\/ul>\t\t\t\t\t\t\t\t<\/div>\n\t\t\t\t<\/div>\n\t\t\t\t<div class=\"elementor-element elementor-element-c554d41 elementor-widget elementor-widget-text-editor\" data-id=\"c554d41\" data-element_type=\"widget\" data-e-type=\"widget\" data-widget_type=\"text-editor.default\">\n\t\t\t\t<div class=\"elementor-widget-container\">\n\t\t\t\t\t\t\t\t\t<p>(*) El sitio web personalizado incluye hasta 8 productos y tiene un costo de 30$. Para incorporar m\u00e1s productos cont\u00e1ctenos.<\/p>\t\t\t\t\t\t\t\t<\/div>\n\t\t\t\t<\/div>\n\t\t\t\t\t<\/div>\n\t\t<\/div>\n\t\t\t\t\t<\/div>\n\t\t<\/section>\n\t\t\t\t<section class=\"elementor-section elementor-top-section elementor-element elementor-element-d188500 elementor-section-boxed elementor-section-height-default elementor-section-height-default\" data-id=\"d188500\" data-element_type=\"section\" data-e-type=\"section\" data-settings=\"{&quot;_ha_eqh_enable&quot;:false}\">\n\t\t\t\t\t\t<div class=\"elementor-container elementor-column-gap-default\">\n\t\t\t\t\t<div class=\"elementor-column elementor-col-100 elementor-top-column elementor-element elementor-element-f44cdab\" data-id=\"f44cdab\" data-element_type=\"column\" data-e-type=\"column\">\n\t\t\t<div class=\"elementor-widget-wrap elementor-element-populated\">\n\t\t\t\t\t\t<div class=\"elementor-element elementor-element-98f34f0 ha-has-bg-overlay elementor-widget elementor-widget-heading\" data-id=\"98f34f0\" data-element_type=\"widget\" data-e-type=\"widget\" data-widget_type=\"heading.default\">\n\t\t\t\t<div class=\"elementor-widget-container\">\n\t\t\t\t\t<h4 class=\"elementor-heading-title elementor-size-default\">Registro<\/h4>\t\t\t\t<\/div>\n\t\t\t\t<\/div>\n\t\t\t\t<div class=\"elementor-element elementor-element-977e8c6 ha-has-bg-overlay elementor-widget elementor-widget-text-editor\" data-id=\"977e8c6\" data-element_type=\"widget\" data-e-type=\"widget\" data-widget_type=\"text-editor.default\">\n\t\t\t\t<div class=\"elementor-widget-container\">\n\t\t\t\t\t\t\t\t\t<p>Si ya tienes todo listo para iniciar con tu tienda, cont\u00e1ctanos para pautar una reuni\u00f3n de asesor\u00eda con uno de nuestros especialistas en comercio electr\u00f3nico. Puedes comunicarte por cualquiera de los siguientes medios:<\/p><p><strong><a href=\"https:\/\/api.whatsapp.com\/send?phone=+584126301009&amp;text=Escribo%20desde%20FacturacionDigital,%20quiero%20pautar%20una%20reuni%C3%B3n%20con%20un%20especialista.\" target=\"_blank\" rel=\"noopener\">Whatsapp Venezuela<\/a><\/strong><\/p><p><strong><a href=\"https:\/\/api.whatsapp.com\/send?phone=+17863267960&amp;text=Escribo%20desde%20FacturacionDigital,%20quiero%20pautar%20una%20reuni%C3%B3n%20con%20un%20especialista.\" target=\"_blank\" rel=\"noopener\">Whatsapp EEUU<\/a><\/strong><\/p><p><strong>CORREO<\/strong> <a href=\"mailto:soporte@facturaciondigital.store\">soporte@facturaciondigital.store<\/a><\/p><p><a href=\"https:\/\/www.instagram.com\/radioweblatina\/\" target=\"_blank\" rel=\"noopener\">https:\/\/www.instagram.com\/radioweblatina\/<\/a><\/p><p><a href=\"https:\/\/www.instagram.com\/promonegocios\/\" target=\"_blank\" rel=\"noopener\">https:\/\/www.instagram.com\/promonegocios\/<\/a><\/p>\t\t\t\t\t\t\t\t<\/div>\n\t\t\t\t<\/div>\n\t\t\t\t\t<\/div>\n\t\t<\/div>\n\t\t\t\t\t<\/div>\n\t\t<\/section>\n\t\t\t\t<section class=\"elementor-section elementor-top-section elementor-element elementor-element-a30a2a0 elementor-section-boxed elementor-section-height-default elementor-section-height-default\" data-id=\"a30a2a0\" data-element_type=\"section\" data-e-type=\"section\" data-settings=\"{&quot;_ha_eqh_enable&quot;:false}\">\n\t\t\t\t\t\t<div class=\"elementor-container elementor-column-gap-default\">\n\t\t\t\t\t<div class=\"elementor-column elementor-col-100 elementor-top-column elementor-element elementor-element-3ec779f\" data-id=\"3ec779f\" data-element_type=\"column\" data-e-type=\"column\">\n\t\t\t<div class=\"elementor-widget-wrap\">\n\t\t\t\t\t\t\t<\/div>\n\t\t<\/div>\n\t\t\t\t\t<\/div>\n\t\t<\/section>\n\t\t\t\t<\/div>\n\t\t","protected":false},"excerpt":{"rendered":"<p>C\u00f3mo funciona Facturaci\u00f3n Digital C\u00f3mo funciona el punto de venta de FacturadionDigital.store Creamos una p\u00e1gina personalizada para los productos del contratante (*) El proceso de creaci\u00f3n de este espacio para tus ventas, lo gestionamos nosotros, por lo que es fundamental que nos env\u00edes todo el material requerido para crear tu perfil (im\u00e1genes, textos, descripci\u00f3n, videos, [&hellip;]<\/p>\n","protected":false},"author":1,"featured_media":92,"parent":0,"menu_order":0,"comment_status":"closed","ping_status":"closed","template":"","meta":{"footnotes":""},"class_list":["post-204","page","type-page","status-publish","has-post-thumbnail","hentry"],"_links":{"self":[{"href":"https:\/\/facturaciondigital.store\/private\/wp-json\/wp\/v2\/pages\/204","targetHints":{"allow":["GET"]}}],"collection":[{"href":"https:\/\/facturaciondigital.store\/private\/wp-json\/wp\/v2\/pages"}],"about":[{"href":"https:\/\/facturaciondigital.store\/private\/wp-json\/wp\/v2\/types\/page"}],"author":[{"embeddable":true,"href":"https:\/\/facturaciondigital.store\/private\/wp-json\/wp\/v2\/users\/1"}],"replies":[{"embeddable":true,"href":"https:\/\/facturaciondigital.store\/private\/wp-json\/wp\/v2\/comments?post=204"}],"version-history":[{"count":37,"href":"https:\/\/facturaciondigital.store\/private\/wp-json\/wp\/v2\/pages\/204\/revisions"}],"predecessor-version":[{"id":294,"href":"https:\/\/facturaciondigital.store\/private\/wp-json\/wp\/v2\/pages\/204\/revisions\/294"}],"wp:featuredmedia":[{"embeddable":true,"href":"https:\/\/facturaciondigital.store\/private\/wp-json\/wp\/v2\/media\/92"}],"wp:attachment":[{"href":"https:\/\/facturaciondigital.store\/private\/wp-json\/wp\/v2\/media?parent=204"}],"curies":[{"name":"wp","href":"https:\/\/api.w.org\/{rel}","templated":true}]}}