{"id":39,"date":"2024-03-31T15:51:44","date_gmt":"2024-03-31T15:51:44","guid":{"rendered":"https:\/\/facturaciondigital.store\/private\/?post_type=product&#038;p=39"},"modified":"2024-04-12T16:51:39","modified_gmt":"2024-04-12T16:51:39","slug":"ticket-digital-estandar","status":"publish","type":"product","link":"https:\/\/facturaciondigital.store\/private\/producto\/ticket-digital-estandar\/","title":{"rendered":"Ticket Digital Est\u00e1ndar"},"content":{"rendered":"<p>Con este ticket puedes adquirir membres\u00edas a newsletter y otros de suscripci\u00f3n MENSUAL<\/p>\n<p>Al comprar, se har\u00e1 un cobro mensual seg\u00fan tu fecha de pago, hasta que canceles tu suscripci\u00f3n.<\/p>\n","protected":false},"excerpt":{"rendered":"<p>Con este ticket puedes adquirir membres\u00edas a newsletter y otros de suscripci\u00f3n MENSUAL Al comprar, se har\u00e1 un cobro mensual seg\u00fan tu fecha de pago, hasta que canceles tu suscripci\u00f3n.<\/p>\n","protected":false},"featured_media":40,"template":"","meta":[],"product_brand":[],"product_cat":[16],"product_tag":[19],"class_list":{"0":"post-39","1":"product","2":"type-product","3":"status-publish","4":"has-post-thumbnail","6":"product_cat-suscripciones","7":"product_tag-ticket","9":"first","10":"instock","11":"virtual","12":"taxable","13":"purchasable","14":"product-type-simple"},"_links":{"self":[{"href":"https:\/\/facturaciondigital.store\/private\/wp-json\/wp\/v2\/product\/39","targetHints":{"allow":["GET"]}}],"collection":[{"href":"https:\/\/facturaciondigital.store\/private\/wp-json\/wp\/v2\/product"}],"about":[{"href":"https:\/\/facturaciondigital.store\/private\/wp-json\/wp\/v2\/types\/product"}],"wp:featuredmedia":[{"embeddable":true,"href":"https:\/\/facturaciondigital.store\/private\/wp-json\/wp\/v2\/media\/40"}],"wp:attachment":[{"href":"https:\/\/facturaciondigital.store\/private\/wp-json\/wp\/v2\/media?parent=39"}],"wp:term":[{"taxonomy":"product_brand","embeddable":true,"href":"https:\/\/facturaciondigital.store\/private\/wp-json\/wp\/v2\/product_brand?post=39"},{"taxonomy":"product_cat","embeddable":true,"href":"https:\/\/facturaciondigital.store\/private\/wp-json\/wp\/v2\/product_cat?post=39"},{"taxonomy":"product_tag","embeddable":true,"href":"https:\/\/facturaciondigital.store\/private\/wp-json\/wp\/v2\/product_tag?post=39"}],"curies":[{"name":"wp","href":"https:\/\/api.w.org\/{rel}","templated":true}]}}